{"id":61,"date":"2020-05-16T05:49:22","date_gmt":"2020-05-16T03:49:22","guid":{"rendered":"http:\/\/zimmerei-holzbau-gaulke.de\/2020\/?page_id=61"},"modified":"2020-05-21T18:36:33","modified_gmt":"2020-05-21T16:36:33","slug":"kontakt","status":"publish","type":"page","link":"https:\/\/zimmerei-holzbau-gaulke.de\/2020\/kontakt\/","title":{"rendered":"Kontakt"},"content":{"rendered":"\n<p class=\"has-text-color has-text-align-center has-normal-font-size has-very-dark-gray-color\">Unser B\u00fcro ist erreichbar unter der Telefonnummer:<\/p>\n\n\n\n<div class=\"wp-block-group\"><div class=\"wp-block-group__inner-container\">\n<p class=\"has-text-color has-text-align-center has-normal-font-size has-very-dark-gray-color\"><a href=\"tel:+49-15172508970\"><em><strong>0151 72 50 89  70<\/strong><\/em><\/a><\/p>\n<\/div><\/div>\n\n\n\n<p class=\"has-text-color has-text-align-center has-normal-font-size has-very-dark-gray-color\">Gerne d\u00fcrfen Sie uns auch \u00fcber Whatsapp kontaktieren<\/p>\n\n\n\n<p class=\"has-text-color has-text-align-center has-normal-font-size has-very-dark-gray-color\">Unsere Email-Adresse: <a href=\"mailto:mail@zimmerei-holzbau-gaulke.de\">mail@zimmerei-holzbau-gaulke.de<\/a><\/p>\n\n\n\n<p class=\"has-text-align-center has-normal-font-size\"><div role=\"form\" class=\"wpcf7\" id=\"wpcf7-f302-o1\" lang=\"de-DE\" dir=\"ltr\">\n<div class=\"screen-reader-response\" aria-live=\"polite\"><\/div>\n<form action=\"\/2020\/wp-json\/wp\/v2\/pages\/61#wpcf7-f302-o1\" method=\"post\" class=\"wpcf7-form\" novalidate=\"novalidate\">\n<div style=\"display: none;\">\n<input type=\"hidden\" name=\"_wpcf7\" value=\"302\" \/>\n<input type=\"hidden\" name=\"_wpcf7_version\" value=\"5.1.9\" \/>\n<input type=\"hidden\" name=\"_wpcf7_locale\" value=\"de_DE\" \/>\n<input type=\"hidden\" name=\"_wpcf7_unit_tag\" value=\"wpcf7-f302-o1\" \/>\n<input type=\"hidden\" name=\"_wpcf7_container_post\" value=\"0\" \/>\n<\/div>\n<p><label> Ihr Name (Pflichtfeld)<br \/>\n    <span class=\"wpcf7-form-control-wrap your-name\"><input type=\"text\" name=\"your-name\" value=\"\" size=\"40\" class=\"wpcf7-form-control wpcf7-text wpcf7-validates-as-required\" aria-required=\"true\" aria-invalid=\"false\" \/><\/span> <\/label><\/p>\n<p><label> Ihre E-Mail-Adresse (Pflichtfeld)<br \/>\n    <span class=\"wpcf7-form-control-wrap your-email\"><input type=\"email\" name=\"your-email\" value=\"\" size=\"40\" class=\"wpcf7-form-control wpcf7-text wpcf7-email wpcf7-validates-as-required wpcf7-validates-as-email\" aria-required=\"true\" aria-invalid=\"false\" \/><\/span> <\/label><\/p>\n<p><label> Betreff<br \/>\n    <span class=\"wpcf7-form-control-wrap your-subject\"><input type=\"text\" name=\"your-subject\" value=\"\" size=\"40\" class=\"wpcf7-form-control wpcf7-text\" aria-invalid=\"false\" \/><\/span> <\/label><\/p>\n<p><label> Ihre Nachricht (Pflichtfeld)<br \/>\n    <span class=\"wpcf7-form-control-wrap your-message\"><textarea name=\"your-message\" cols=\"40\" rows=\"10\" class=\"wpcf7-form-control wpcf7-textarea wpcf7-validates-as-required\" aria-required=\"true\" aria-invalid=\"false\"><\/textarea><\/span> <\/label><\/p>\n<p><input type=\"submit\" value=\"Senden\" class=\"wpcf7-form-control wpcf7-submit\" \/><\/p>\n<div class=\"wpcf7-response-output wpcf7-display-none\" aria-hidden=\"true\"><\/div><\/form><\/div><\/p>\n\n\n\n<p class=\"has-text-color has-text-align-center has-normal-font-size has-very-dark-gray-color\">Wir freuen uns auf Sie<\/p>\n","protected":false},"excerpt":{"rendered":"<p>Unser B\u00fcro ist erreichbar unter der Telefonnummer: 0151 72 50 89 70 Gerne d\u00fcrfen Sie uns auch \u00fcber Whatsapp kontaktieren Unsere Email-Adresse: mail@zimmerei-holzbau-gaulke.de Wir freuen uns auf Sie<\/p>\n","protected":false},"author":1,"featured_media":0,"parent":0,"menu_order":0,"comment_status":"closed","ping_status":"closed","template":"page-fullwidth.php","meta":[],"_links":{"self":[{"href":"https:\/\/zimmerei-holzbau-gaulke.de\/2020\/wp-json\/wp\/v2\/pages\/61"}],"collection":[{"href":"https:\/\/zimmerei-holzbau-gaulke.de\/2020\/wp-json\/wp\/v2\/pages"}],"about":[{"href":"https:\/\/zimmerei-holzbau-gaulke.de\/2020\/wp-json\/wp\/v2\/types\/page"}],"author":[{"embeddable":true,"href":"https:\/\/zimmerei-holzbau-gaulke.de\/2020\/wp-json\/wp\/v2\/users\/1"}],"replies":[{"embeddable":true,"href":"https:\/\/zimmerei-holzbau-gaulke.de\/2020\/wp-json\/wp\/v2\/comments?post=61"}],"version-history":[{"count":10,"href":"https:\/\/zimmerei-holzbau-gaulke.de\/2020\/wp-json\/wp\/v2\/pages\/61\/revisions"}],"predecessor-version":[{"id":435,"href":"https:\/\/zimmerei-holzbau-gaulke.de\/2020\/wp-json\/wp\/v2\/pages\/61\/revisions\/435"}],"wp:attachment":[{"href":"https:\/\/zimmerei-holzbau-gaulke.de\/2020\/wp-json\/wp\/v2\/media?parent=61"}],"curies":[{"name":"wp","href":"https:\/\/api.w.org\/{rel}","templated":true}]}}