{"id":34,"date":"2020-05-15T23:12:21","date_gmt":"2020-05-15T21:12:21","guid":{"rendered":"http:\/\/zimmerei-holzbau-gaulke.de\/2020\/?page_id=34"},"modified":"2020-05-17T17:08:27","modified_gmt":"2020-05-17T15:08:27","slug":"leistungen","status":"publish","type":"page","link":"https:\/\/zimmerei-holzbau-gaulke.de\/2020\/leistungen\/","title":{"rendered":"Leistungen"},"content":{"rendered":"\n<p class=\"has-text-color has-text-align-center has-normal-font-size has-very-dark-gray-color\">Wir bieten Ihnen viele M\u00f6glichkeiten, <\/p>\n\n\n\n<p class=\"has-text-color has-text-align-center has-normal-font-size has-very-dark-gray-color\">Ihre Tr\u00e4ume aus Holz Wirklichkeit werden zu lassen. <\/p>\n\n\n\n<p class=\"has-text-color has-text-align-center has-normal-font-size has-very-dark-gray-color\">St\u00f6bern Sie gerne etwas herum.<\/p>\n","protected":false},"excerpt":{"rendered":"<p>Wir bieten Ihnen viele M\u00f6glichkeiten, Ihre Tr\u00e4ume aus Holz Wirklichkeit werden zu lassen. St\u00f6bern Sie gerne etwas herum.<\/p>\n","protected":false},"author":1,"featured_media":0,"parent":0,"menu_order":0,"comment_status":"closed","ping_status":"closed","template":"page-fullwidth.php","meta":[],"_links":{"self":[{"href":"https:\/\/zimmerei-holzbau-gaulke.de\/2020\/wp-json\/wp\/v2\/pages\/34"}],"collection":[{"href":"https:\/\/zimmerei-holzbau-gaulke.de\/2020\/wp-json\/wp\/v2\/pages"}],"about":[{"href":"https:\/\/zimmerei-holzbau-gaulke.de\/2020\/wp-json\/wp\/v2\/types\/page"}],"author":[{"embeddable":true,"href":"https:\/\/zimmerei-holzbau-gaulke.de\/2020\/wp-json\/wp\/v2\/users\/1"}],"replies":[{"embeddable":true,"href":"https:\/\/zimmerei-holzbau-gaulke.de\/2020\/wp-json\/wp\/v2\/comments?post=34"}],"version-history":[{"count":5,"href":"https:\/\/zimmerei-holzbau-gaulke.de\/2020\/wp-json\/wp\/v2\/pages\/34\/revisions"}],"predecessor-version":[{"id":277,"href":"https:\/\/zimmerei-holzbau-gaulke.de\/2020\/wp-json\/wp\/v2\/pages\/34\/revisions\/277"}],"wp:attachment":[{"href":"https:\/\/zimmerei-holzbau-gaulke.de\/2020\/wp-json\/wp\/v2\/media?parent=34"}],"curies":[{"name":"wp","href":"https:\/\/api.w.org\/{rel}","templated":true}]}}